{"id":2347,"date":"2020-03-24T13:25:15","date_gmt":"2020-03-24T12:25:15","guid":{"rendered":"http:\/\/sahovskisavezns.com\/?page_id=2347"},"modified":"2025-02-03T18:43:28","modified_gmt":"2025-02-03T17:43:28","slug":"clanovi-kluba-ssns","status":"publish","type":"page","link":"http:\/\/sahovskisavezns.com\/sr_rs\/clanovi-kluba-ssns\/","title":{"rendered":"Chess.com &#8211; \u0447\u043b\u0430\u043d\u043e\u0432\u0438 \u043a\u043b\u0443\u0431\u0430 \u0428\u0421\u041d\u0421"},"content":{"rendered":"\n<p>1500elegance &#8211; \u041f\u0435\u0442\u0430\u0440 \u0421\u0438\u043d\u0430\u043d\u0447\u0435\u0432\u0438\u045b<br>2008pro &#8211; Kerem T\u0131nmaz<\/p>\n\n\n\n<p>9stefan1 &#8211; \u0421\u0442\u0435\u0444\u0430\u043d \u041a\u043e\u0441\u0442\u0438\u045b<br>ABojan79 &#8211; \u0411\u043e\u0458\u0430\u043d \u0410\u0442\u0430\u043d\u0430\u0441\u043a\u043e\u0432\u0438\u045b<br>ADJWingChun &#8211; \u0420\u0430\u0434\u043e\u043c\u0438\u0440 \u0408\u0430\u043d\u0447\u0438\u045b<br>ag30063030 &#8211; Alimert Ozsoy<br>arimakat &#8211; \u0412\u043b\u0430\u0434\u0438\u0446\u0430 \u0410\u043d\u0434\u0440\u0435\u0458\u0438\u045b<br>AK-47kalash &#8211; \u0414\u0435\u0458\u0430\u043d \u041e\u043c\u043e\u0440\u0458\u0430\u043d<br>aleksa74 &#8211; \u0410\u043b\u0435\u043a\u0441\u0430\u043d\u0434\u0430\u0440 \u041a\u043e\u0432\u0430\u0447\u0435\u0432\u0438\u045b<br>aleksa400 &#8211; \u0410\u043b\u0435\u043a\u0441\u0430 \u041a\u0440\u0430\u0441\u043a\u043e<br>Allama_Li &#8211; \u041b\u0438\u043f\u0430\u0438 \u0412\u0458\u0430\u0447\u0435\u0441\u043b\u0430\u0432<br>aleksandar888 &#8211; \u0410\u043b\u0435\u043a\u0441\u0430\u043d\u0434\u0430\u0440 \u041e\u043f\u0430\u0447\u0438\u045b<br>Aleksandar-Topalov &#8211; \u0410\u043b\u0435\u043a\u0441\u0430\u043d\u0434\u0430\u0440 \u0422\u043e\u043f\u0430\u043b\u043e\u0432<br>AleksandarPopovic974 &#8211; \u0410\u043b\u0435\u043a\u0441\u0430\u043d\u0434\u0430\u0440 \u041f\u043e\u043f\u043e\u0432\u0438\u045b<br>Alexe4c5 &#8211; Alex Carey<br>Alimpic_Aleksa &#8211; \u0410\u043b\u0435\u043a\u0441\u0430 \u0410\u043b\u0438\u043c\u043f\u0438\u045b<br>AleksandarTot &#8211; \u0410\u043b\u0435\u043a\u0441\u0430\u043d\u0434\u0430\u0440 \u0422\u043e\u0442<br>AmuKare &#8211; \u0411\u043e\u0440\u0438\u0441\u043b\u0430\u0432 \u0420\u0430\u0434\u0430\u043d\u043e\u0432\u0438\u045b<br>Amd30 &#8211; Ahmet Makir Demirelli<br>Anja2006 &#8211; \u0410\u045a\u0430 \u0408\u043e\u0432\u0430\u043d\u043e\u0432\u0438\u045b<br>andrijaMaza014 &#8211; \u0410\u043d\u0434\u0440\u0438\u0458\u0430 \u041c\u0430\u0436\u0438\u045a\u0430\u043d\u0438\u043d<br>ardaaltun14 &#8211; Altun Arda<br>Armitas &#8211; \u041c\u0438\u043e\u0434\u0440\u0430\u0433 \u0422\u0430\u0441\u043a\u043e\u0432\u0438\u045b<br>Arej94 &#8211; \u0421\u043b\u0430\u0432\u0435\u043d \u041f\u0430\u0448\u0442\u0430\u0440<br>Atilla2011201 &#8211; Atila Kuru<br>AttakingSnowLeopard &#8211; Indy ?<br>azazelo &#8211; \u0411\u043e\u0440\u0438\u0441 \u0422\u0435\u043f\u0438\u045b<br>backo9 &#8211; \u041c\u0438\u043b\u0430\u043d \u041c\u0438\u0440\u043e\u0441\u0430\u0432\u0459\u0435\u0432<br>blobica &#8211; \u0408\u043e\u0432\u0430\u043d \u0420\u0430\u0434\u043b\u043e\u0432\u0430\u0447\u043a\u0438<br>branneNS &#8211; \u0411\u0440\u0430\u043d\u0438\u043c\u0438\u0440 \u0408\u043e\u0432\u0430\u043d\u043e\u0432\u0438\u045b<br>brasa1965 &#8211; \u0402\u043e\u0440\u0452\u0435 \u041c\u0443\u0442\u0438\u045b<br>brankoz1 &#8211; \u0411\u0440\u0430\u043d\u043a\u043e \u0417\u043e\u0440\u0438\u045b<br>brkus &#8211; \u0414\u0443\u0448\u0430\u043d \u0411\u0440\u043a\u0443\u0448\u0430\u043d\u0438\u043d<br>Beskosni &#8211; \u0421\u0432\u0435\u0442\u0438\u0441\u043b\u0430\u0432 \u0414\u043e\u043c\u0430\u0441\u0442\u043e\u0432\u0438\u045b<br>bogismudj &#8211; \u0411\u043e\u0433\u0434\u0430\u043d \u0422\u043e\u043c\u0438\u043d<br>BoluluHasanUsta &#8211; Hasan H\u00fcseyin \u00c7elik<br>Boldpilot22622 &#8211; Ozgun Sahin<br>BojanRa1 &#8211; \u0411\u043e\u0458\u0430\u043d \u0420\u0430\u0434\u0443\u043b\u043e\u0432\u0438\u045b<br>chessman6891 &#8211; \u0421\u0435\u043d\u0430\u0434 \u0417\u0435\u043a\u0438\u0440<br>Confer77 &#8211; \u0424\u0438\u043b\u0438\u043f \u041a\u0443\u043c\u0438\u045b<br>CucurellaZU &#8211; \u0423\u0431\u0438\u043f\u0430\u0440\u0438\u043f \u0416\u0438\u0432\u043a\u043e<br>cuprichanin &#8211; \u0423\u0440\u043e\u0448 \u0426\u0432\u0435\u0442\u0430\u043d\u043e\u0432\u0438\u045b<br>danielDavar &#8211; Daniel Dimovski<br>maglovskidario &#8211; \u0414\u0430\u0440\u0438\u043e \u041c\u0430\u0433\u043b\u043e\u0432\u0441\u043a\u0438<br>danijela17 &#8211; \u0414\u0430\u043d\u0438\u0458\u0435\u043b\u0430 \u041f\u0435\u0442\u0440\u043e\u0432\u0438\u045b<br>DAVOLIMPARTIZANA &#8211; \u041e\u0433\u045a\u0435\u043d \u0420\u043e\u043b\u0438\u045b<br>Direktor94 &#8211; \u0418\u0432\u0430\u043d \u0411\u0430\u043d\u043e\u0432\u0438\u045b<br>Dimme1101 &#8211; \u041c\u0438\u0442\u0430 \u041c\u0430\u0440\u0447\u0435\u0442\u0430<br>Dragan022 &#8211; \u0414\u0440\u0430\u0433\u0430\u043d \u0422\u0435\u0448\u0438\u045b<br>DraganSolak &#8211; \u0414\u0440\u0430\u0433\u0430\u043d \u0428\u043e\u043b\u0430\u043a<br>dragomir_sokic &#8211; \u0414\u0440\u0430\u0433\u043e\u043c\u0438\u0440 \u0421\u043e\u043a\u0438\u045b<br>dragonemo &#8211; Emrah Sa\u011flam<br>dorukozata &#8211; Doruk Ozata<br>dorukemir &#8211; Doruk Emir<br>Djordje101 &#8211; \u0402\u043e\u0440\u0452\u0435 \u041a\u0440\u0443\u043d\u0438\u045b<br>DjordjeKovacevic &#8211; \u0402\u043e\u0440\u0452\u0435 \u041a\u043e\u0432\u0430\u0447\u0435\u0432\u0438\u045b<br>deviser83 &#8211; \u041c\u0438\u043b\u0430\u043d \u041c\u0438\u0442\u0438\u045b<br>Dudic &#8211; \u0414\u0430\u043b\u0438\u0431\u043e\u0440 \u0414\u0443\u0434\u0438\u045b<br>durin &#8211; \u041c\u0438\u0440\u043e\u0441\u043b\u0430\u0432 \u0421\u0438\u043c\u043e\u043d\u043e\u0432\u0438\u045b<br>DupliViski &#8211; \u0412\u0443\u043a \u0420\u0443\u0442\u0435\u0448\u0438\u045b<br>dzo_pi &#8211; \u041d\u0438\u043a\u043e\u043b\u0430 \u0408\u043e\u0432\u0430\u043d\u043e\u0432\u0438\u045b<br>Fa1rytale &#8211; Ege Danaci<br>FilipSecic &#8211; \u0424\u0438\u043b\u0438\u043f \u0428\u0435\u0447\u0438\u045b<br>FilipStrbac &#8211; \u0424\u0438\u043b\u0438\u043f \u0428\u0442\u0440\u0431\u0430\u0446<br>forenzicar79 &#8211; \u0411\u043e\u0458\u0430\u043d \u0410\u0442\u0430\u043d\u0430\u0441\u043a\u043e\u0432\u0438\u045b<br>Galix90 &#8211; \u0412\u043b\u0430\u0434\u0438\u043c\u0438\u0440 \u0413\u0430\u043b\u0438\u045b<br>Granulica &#8211; \u0420\u0438\u0441\u0442\u0438\u045b \u041c\u0438\u043b\u0430\u043d<br>grose_majter94 &#8211; \u0421\u0442\u0440\u0430\u0445\u0438\u045a\u0430 \u0402\u0443\u0440\u043d\u0438\u045b<br>genialnost &#8211; Ata Atasoy<br>grandmaster16123 &#8211; Ezgi Bayrami\u00e7lilar<br>gorfal &#8211; \u0417\u043e\u0440\u0430\u043d \u0411\u0430\u043a\u0432\u0438\u045b<br>HardTryz &#8211; \u041c\u0430\u0440\u043a\u043e \u0421\u0442\u0458\u0435\u043f\u0430\u043d\u043e\u0432\u0438\u045b<br>hophop1234 &#8211; Ali Alper \u00c7elik<br>hsd2006 &#8211; Huseyin Said Deveci<br>IcedEarth4510 &#8211; Ege Danaci<br>igorkalem &#8211; \u0418\u0433\u043e\u0440 \u041a\u0430\u043b\u0435\u043c<br>IPBPI &#8211; \u041c\u0438\u043b\u0430\u043d \u0427\u0435\u0458\u043e\u0432\u0438\u045b<br>ihy05 &#8211; Ibrahin Halil Yildirim<br>insaatci-itu &#8211; Erdal Eren Gur<br>ivanasch &#8211; \u0418\u0432\u0430\u043d\u0430 \u0428\u0435\u043d\u043a<br>Jaksha87 &#8211; \u0414\u0435\u0458\u0430\u043d \u0408\u0430\u043a\u0448\u0438\u045b<br>Johnny31231 la gente esta muy loca &#8211; \u041d\u0438\u043a\u043e\u043b\u0430 \u041f\u0435\u0442\u0440\u043e\u0432\u0438\u045b<br>Kralj123 &#8211; \u0410\u043b\u0435\u043a\u0441\u0430\u043d\u0434\u0430\u0440 \u0422\u0430\u0434\u0438\u045b<br>Kaanadayhamle &#8211; Kaan Ozcan<br>KNotaros &#8211; \u041a\u0440\u0430\u0441\u043e\u0458\u0435 \u041d\u043e\u0442\u0430\u0440\u043e\u0448<br>Larigan &#8211; \u041c\u0438\u043b\u043e\u0440\u0430\u0434 \u041b\u0430\u0437\u0438\u045b<br>LazaBabic &#8211; \u041b\u0430\u0437\u0430 \u0411\u0430\u0431\u0438\u045b<br>LiverpoolFanYNWA &#8211; \u0421\u0442\u0435\u0444\u0430\u043d \u0420\u0438\u0441\u0442\u0438\u045b<br>LukaTufegdyic &#8211; \u041b\u0443\u043a\u0430 \u0422\u0443\u0444\u0435\u0433\u045f\u0438\u045b<br>macak12 &#8211; Milo\u0161 Ma\u010dki\u0107<br>magelan59 &#8211; \u0410\u043d\u0452\u0435\u043b\u043a\u043e \u0414\u0440\u0430\u0433\u043e\u0458\u043b\u043e\u0432\u0438\u045b<br>malicimi &#8211; \u041c\u0438\u043b\u043e\u0448 \u040b\u0438\u0440\u0438\u045b<br>marko_2007 &#8211; \u041c\u0430\u0440\u043a\u043e \u0424\u043e\u0440\u0433\u0438\u0430\u0440\u0438\u043d\u0438<br>marco68 &#8211; \u041f\u0430\u0432\u0435\u043b \u041c\u0430\u0440\u0447\u043e\u043a<br>matkens0123 &#8211; \u041d\u043e\u0432\u0438\u0446\u0430 \u041c\u0430\u0440\u0442\u0438\u045b<br>Matvey_Malykh &#8211; Matvey_Malykh<br>Mejt93 &#8211; \u0412\u0443\u043a\u0430\u0448\u0438\u043d \u0426\u0438\u0446\u043c\u0438\u043b<br>mehmetcan2009 &#8211; Mehmet Hatipli<br>mencikdavid &#8211; \u0414\u0430\u0432\u0438\u0434 \u041c\u0435\u043d\u0447\u0438\u043a<br>MiDiKleAn &#8211; \u0418\u0432\u0430\u043d \u041f\u0430\u0432\u043b\u043e\u0432\u0438\u045b<br>MihajloDombrovski &#8211; \u041c\u0438\u0445\u0430\u0458\u043b\u043e \u0414\u043e\u043c\u0431\u0440\u043e\u0432\u0441\u043a\u0438<br>MiroMiljkovic &#8211; \u041c\u0438\u0440\u043e\u0441\u043b\u0430\u0432 \u041c\u0438\u0459\u043a\u043e\u0432\u0438\u045b<br>milanpetrovic87 &#8211; \u041c\u0438\u043b\u0430\u043d \u041f\u0435\u0442\u0440\u043e\u0432\u0438\u045b<br>Milosavac &#8211; \u041c\u0438\u043e\u0434\u0440\u0430\u0433 \u041c\u0438\u043b\u043e\u0441\u0430\u0432\u0430\u0446<br>MilosTonic &#8211; \u041c\u0438\u043b\u043e\u0448 \u0422\u043e\u043d\u0438\u045b<br>mmmiki &#8211; \u041c\u0438\u0440\u043e\u0441\u043b\u0430\u0432 \u041f\u043e\u043f\u0440\u0436\u0435\u043d<br>nomadsland &#8211; Hilmi Mustafa<br>N0v0sadskiFantom &#8211; \u041d\u043e\u0432\u0430\u043a \u0427\u0430\u0431\u0430\u0440\u043a\u0430\u043f\u0430<br>Novosadjanin1 &#8211; \u041d\u0438\u043a\u0448\u0430 \u0408\u0430\u043a\u0448\u0438\u045b<br>Nemanja95 &#8211; \u041d\u0435\u043c\u0430\u045a\u0430 \u0412\u0438\u0448\u0435\u043a\u0440\u0443\u043d\u0430<br>NemanjaTodorovic1983 &#8211; \u041d\u0435\u043c\u0430\u045a\u0430 \u0422\u043e\u0434\u043e\u0440\u043e\u0432\u0438\u045b<br>nemirena &#8211; \u041d\u0435\u043d\u0430\u0434 \u0420\u0430\u0434\u043e\u0448\u0435\u0432\u0438\u045b<br>Nenad2911 &#8211; \u041d\u0435\u043d\u0430\u0434 \u0414\u0438\u043c\u0438\u0442\u0440\u0438\u0458\u0435\u0432\u0438\u045b<br>Niki201108 &#8211; \u0414\u043e\u043c\u0438\u043d\u0438\u043a \u0422\u043e\u0442<br>NikolaLeskovac123 &#8211; \u041d\u0438\u043a\u043e\u043b\u0430 \u041b\u0435\u0441\u043a\u043e\u0432\u0430\u0446<br>northhard85 &#8211; Huseyin Sertbay<br>Novak Pezelj &#8211; \u041d\u043e\u0432\u0430\u043a \u041f\u0435\u0437\u0435\u0459<br>NovosadskiFantom &#8211; \u0418\u0432\u0430\u043d \u0411\u0430\u043d\u043e\u0432\u0438\u045b<br>Parkajic &#8211; \u0411\u0440\u0430\u043d\u0438\u0441\u043b\u0430\u0432 \u041f\u0430\u0440\u043a\u0430\u0458\u0438\u045b<br>platonplus &#8211; Brian Dinter<br>Pike_Attack &#8211; \u041c\u0438\u043b\u0430\u043d \u041f\u043e\u043f\u043e\u0432\u0438\u045b<br>PopMilan95 &#8211; \u041c\u0438\u043b\u0430\u043d \u041f\u043e\u043f\u043e\u0432\u0438\u045b<br>Praavda &#8211; \u0408\u043e\u0432\u043e \u041f\u0435\u0442\u043e\u0432\u0438\u045b<br>PROPELERZVIZ &#8211; \u0421\u0438\u043d\u0438\u0448\u0430 \u0420\u0435\u043c\u0435\u0446\u043a\u0438<\/p>\n\n\n\n<p>PrepWork1 &#8211; \u041d\u0438\u043a\u043e\u043b\u0430 \u041b\u0430\u043b\u0438\u045b<br>Reggie_Miller &#8211; \u041c\u0438\u043b\u0430\u0434\u0438\u043d \u0408\u043e\u043a\u0441\u0438\u043c\u043e\u0432\u0438\u045b<br>Sahista94 &#8211; \u041d\u0438\u043a\u043e\u043b\u0430 \u041c\u0430\u043b\u0438\u045b<br>savicka &#8211; \u0414\u0443\u045a\u0430 \u0421\u0430\u0432\u0438\u045b<br>Simoviczzarko &#8211; \u0416\u0430\u0440\u043a\u043e \u0421\u0438\u043c\u043e\u0432\u0438\u045b<br>Skendroni34 &#8211; \u041d\u0438\u043a\u043e\u043b\u0430 \u0421\u043a\u0435\u043d\u0434\u0435\u0440\u043e\u0432\u0438\u045b<br>TotIvan &#8211; \u0418\u0432\u0430\u043d \u0422\u043e\u0442<br>Vale93 &#8211; \u0412\u043b\u0430\u0434\u0430\u043d \u0414\u0435\u0441\u043d\u0438\u0446\u0430<br>Vuksahmat &#8211; \u0412\u0443\u043a \u040b\u0438\u0440\u043a\u043e\u0432\u0438\u045b<br>brasa1965 &#8211; \u0402\u043e\u0440\u0452\u0435 \u041c\u0443\u0442\u0438\u045b<br>burencens &#8211; \u041c\u0438\u043b\u043e\u0440\u0430\u0434 \u041e\u0431\u0440\u0430\u0434\u043e\u0432\u0438\u045b<br>farmachess97 &#8211; \u0410\u043b\u0435\u043a\u0441\u0430 \u0418\u043b\u0438\u043d\u0447\u0438\u045b<br>gagic233 &#8211; \u041c\u0438\u043b\u0430\u043d \u0413\u0430\u0433\u0438\u045b ?<br>irijetaveliova &#8211; \u0418\u0440\u0438\u0458\u0435\u0442\u0430 \u0412\u0435\u043b\u0438\u043e\u0432\u0430<br>kimibac &#8211; \u041c\u0438\u043b\u0430\u043d \u041a\u043e\u043d\u0447\u0430\u0440<br>kinezludak &#8211; \u041f\u0435\u0442\u0430\u0440 \u0418\u0432\u0430\u043d\u043e\u0432\u0438\u045b<br>Laci74 &#8211; Tall\u00f3 L\u00e1szl\u00f3\u00a0<br>lavpajcin &#8211; \u041b\u0430\u0432 \u041f\u0430\u0458\u0447\u0438\u043d<br>lavpajcin123 &#8211; \u041b\u0430\u0432 \u041f\u0430\u0458\u0447\u0438\u043d<br>LanmiPavlovic &#8211; \u041c\u0438\u043b\u0430\u043d \u041f\u0430\u0432\u043b\u043e\u0432\u0438\u045b<br>letswin212 &#8211; Yagiz Gallevci<br>Livadar &#8211; \u041e\u0441\u0442\u043e\u0458\u0430 \u0421\u0438\u043c\u0435\u0442\u0438\u045b<br>LivajaM &#8211; \u041c\u0430\u0440\u0438\u043e \u041b\u0438\u0432\u0430\u0458\u0430<br>lovac338 &#8211; \u0410\u043b\u0435\u043a\u0441\u0430\u043d\u0434\u0430\u0440 \u0421\u0442\u043e\u0458\u043d\u0438\u045b<br>Mandov11 &#8211; \u041c\u0438\u043b\u0435\u043d\u043a\u043e \u041c\u0430\u043d\u0434\u0438\u045b<br>MacakM123 &#8211; \u041c\u0438\u043b\u043e\u0448 \u0417\u043b\u0430\u0442\u043a\u043e\u0432\u0438\u045b<br>maslinica &#8211; \u0412\u043b\u0430\u0434\u0438\u0441\u043b\u0430\u0432 \u041c\u0435\u0434\u0430\u043d<br>Marko_2007 &#8211; \u041c\u0430\u0440\u043a\u043e \u0424\u043e\u0440\u0433\u0438\u0430\u0440\u0438\u043d\u0438<br>matkens0123 &#8211; \u041d\u043e\u0432\u0438\u0446\u0430 \u041c\u0430\u0442\u0438\u045b<br>Mandov11 &#8211; \u041c\u0438\u043b\u0435\u043d\u043a\u043e \u041c\u0430\u043d\u0434\u0438\u045b<br>midedu &#8211; \u0414\u0435\u0458\u0430\u043d \u0402\u043e\u0440\u0452\u0435\u0432\u0438\u045b<br>miodrag-jevtic &#8211; \u041c\u0438\u043e\u0434\u0440\u0430\u0433 \u0408\u0435\u0432\u0442\u0438\u045b<br>milankocirovic &#8211; \u041c\u0438\u043b\u0430\u043d\u043a\u043e \u040b\u0438\u0440\u043e\u0432\u0438\u045b<br>nimcoindians &#8211; \u041d\u0435\u0431\u043e\u0458\u0448\u0430 \u0420\u0435\u0459\u0438\u043d<br>Nlalic_02 &#8211; \u041d\u0438\u043a\u043e\u043b\u0430 \u041b\u0430\u043b\u0438\u045b<br>NenadRobulj &#8211; \u041d\u0435\u043d\u0430\u0434 \u0420\u043e\u0431\u0443\u0459<br>nsk22 &#8211; \u0410\u043b\u043c\u0438\u0440 \u0413\u0430\u0433\u0438\u045b<br>ognjenCuzovic &#8211; \u041e\u0433\u045a\u0435\u043d \u040b\u0443\u0437\u043e\u0432\u0438\u045b<br>ori2g &#8211; \u041c\u0430\u0440\u0442\u0438\u043d \u0425\u043b\u043e\u045f\u0430\u043d<br>pfcluks &#8211; \u0421\u0440\u0452\u0430\u043d \u0411\u043b\u0430\u0433\u043e\u0458\u0435\u0432\u0438\u045b<br>predragvujinovic89 &#8211; \u041f\u0440\u0435\u0434\u0440\u0430\u0433 \u0412\u0443\u0458\u0438\u043d\u043e\u0432\u0438\u045b<br>Paragovac &#8211; \u0421\u043b\u0430\u0432\u043a\u043e \u041f\u043e\u043f\u043e\u0432\u0438\u045b<br>RadeSolak &#8211; \u0420\u0430\u0434\u0435 \u0428\u043e\u043b\u0430\u043a<br>Rile-Man &#8211; \u041d\u0435\u0431\u043e\u0458\u0448\u0430 \u0420\u0438\u0441\u0442\u0438\u045b<\/p>\n\n\n\n<p>request0 &#8211; \u041c\u0430\u0440\u043a\u043e \u0418\u0432\u0430\u043d\u043a\u043e\u0432\u0438\u045b<br>Sahista94 &#8211; \u041d\u0438\u043a\u043e\u043b\u0430 \u041c\u0430\u043b\u0438\u045b<br>Sava1524 &#8211; \u0421\u0430\u0432\u0430 \u0416\u0438\u0432\u043a\u043e\u0432\u0438\u045b<br>sinisamikalacki980 &#8211; \u0421\u0438\u043d\u0438\u0448\u0430 \u041c\u0438\u043a\u0430\u043b\u0430\u0447\u043a\u0438<br>sima58 &#8211; \u0420\u0430\u0434\u043e\u0432\u0430\u043d \u041c\u0430\u0442\u0438\u0458\u0435\u0432\u0438\u045b<br>SiLentDeath42 &#8211; Alp Tuna<br>Sivackimason &#8211; \u041f\u0435\u0440\u0438\u0448\u0430 \u0420\u0430\u0434\u043e\u0432\u0438\u045b<br>sivkoslav00 &#8211; \u0423\u0440\u043e\u0448 \u0402\u0435\u0440\u043c\u0430\u043d<br>shigy1987 &#8211; \u041c\u0438\u0440\u043e\u0441\u043b\u0430\u0432 \u041c\u0438\u0459\u043a\u043e\u0432\u0438\u045b<br>slanci77 &#8211; \u0410\u043d\u0430 \u0411\u0435\u043d\u0434\u0435\u0440\u0430\u045b<br>sergejManojlovic &#8211; \u0421\u0435\u0440\u0433\u0435\u0458 \u041c\u0430\u043d\u043e\u0458\u043b\u043e\u0432\u0438\u045b<br>skala101 &#8211; \u041c\u0430\u0440\u043a\u043e \u041d\u0435\u0448\u0438\u045b<br>Skaale &#8211; \u041c\u0438\u0445\u0430\u0458\u043b\u043e \u0421\u043a\u0430\u043a\u0430\u0432\u0430\u0446<br>Spasicp123 &#8211; \u041f\u0435\u0442\u0430\u0440 \u0421\u043f\u0430\u0441\u0438\u045b<br>SStankovic &#8211; \u0421\u0440\u0452\u0430\u043d \u0421\u0442\u0430\u043d\u043a\u043e\u0432\u0438\u045b<br>svetlana_nsk &#8211; \u0421\u0432\u0435\u0442\u043b\u0430\u043d\u0430 \u0421\u0442\u043e\u0458\u0430\u0434\u0438\u043d\u043e\u0432<br>svetislav-SPASIC &#8211; \u0421\u0432\u0435\u0442\u0438\u0441\u043b\u0430\u0432 \u0421\u043f\u0430\u0441\u0438\u045b<br>svetislavSpasic &#8211; \u0421\u0432\u0435\u0442\u0438\u0441\u043b\u0430\u0432 \u0421\u043f\u0430\u0441\u0438\u045b<br>Spremo12 &#8211; \u0414\u0430\u0440\u043a\u043e \u0421\u043f\u0440\u0435\u043c\u043e<br>stanisavljevict &#8211; \u0422\u0438\u0458\u0430\u043d\u0430 \u0421\u0442\u0430\u043d\u0438\u0441\u0430\u0432\u0459\u0435\u0432\u0438\u045b<br>stanens1 &#8211; \u0421\u0442\u0430\u043d\u043a\u043e \u0408\u043e\u0432\u0438\u045b<br>stefan_95 &#8211; \u0421\u0442\u0435\u0444\u0430\u043d \u041c\u043b\u0430\u0434\u0435\u043d\u043e\u0432\u0438\u045b<br>stefanvrajkov1 &#8211; \u0421\u0442\u0435\u0444\u0430\u043d \u0412\u0440\u0441\u0430\u0458\u043a\u043e\u0432<br>stevanas &#8211; Stevan Andjelic<br>Sturmvoger262 &#8211; \u0414\u0435\u0458\u0430\u043d \u0412\u0443\u043a\u0435\u043b\u0438\u045b<br>SydneyCarton97 &#8211; \u0410\u043b\u0435\u043a\u0441\u0430 \u0418\u043b\u0438\u043d\u0447\u0438\u045b<br>Tallesz12345 &#8211; Tall\u00f3 Z\u00e9t\u00e9ny<br>TasicV &#8211; \u0412\u043b\u0430\u0434\u0438\u043c\u0438\u0440 \u0422\u0430\u0448\u0438\u045b<br>tozaJorgic &#8211; \u0421\u0432\u0435\u0442\u043e\u0437\u0430\u0440 \u0408\u043e\u0440\u0433\u0438\u045b<br>Uttegae &#8211; Baris Ates<br>VanjaCengija &#8211; \u0412\u0430\u045a\u0430 \u0427\u0435\u043d\u0433\u0438\u0458\u0430<br>viciousrex &#8211; Doruk Akkas<br>vranesbac &#8211; \u0416\u0430\u0440\u043a\u043e \u0412\u0440\u0430\u045a\u0435\u0448<br>Vojvoda01 &#8211; \u0414\u0430\u0440\u043a\u043e \u041c\u0438\u043b\u0435\u0448\u0435\u0432\u0438\u045b<br>vp365 &#8211; \u0418\u0432\u0430\u043d \u041c\u0438\u0440\u0447\u0438\u045b<br>veljans &#8211; \u0412\u0435\u0459\u043a\u043e \u041c\u0438\u0446\u043e\u0432\u0438\u045b<br>VELNARD &#8211; Vladislav Zhiliakov<br>VesnaM84 &#8211; \u0412\u0435\u0441\u043d\u0430 \u041c\u0430\u0440\u0442\u0438\u043d\u043e\u0432\u0438\u045b<br>vlajkonn &#8211; \u0412\u043b\u0430\u0434\u0438\u0441\u043b\u0430\u0432 \u041c\u0430\u0440\u0438\u0446\u043a\u0438<br>vuckozr &#8211; \u041c\u0438\u043b\u0430\u043d \u0412\u0443\u043a\u043e\u0441\u0430\u0432\u0459\u0435\u0432\u0438\u045b<br>vukovic7 &#8211; \u0421\u0432\u0435\u0442\u043a\u043e \u0412\u0443\u043a\u043e\u0432\u0438\u045b<br>vuleorlic &#8211; \u0412\u0443\u043a\u0430\u0448\u0438\u043d \u041e\u0440\u043b\u0438\u045b<br>vveljkovic &#8211; \u0412\u043e\u0458\u0438\u0441\u043b\u0430\u0432 \u0412\u0435\u0459\u043a\u043e\u0432\u0438\u045b<br>WhySoSerious5 &#8211; Doruk Ozata<br>WorkingGarage &#8211; \u0414\u0430\u043d\u0438\u0458\u0435\u043b \u0413\u0430\u0458\u0438\u045b<\/p>\n\n\n\n<p>Ziccc &#8211;  \u041c\u0430\u0440\u043a\u043e \u041a\u043e\u0437\u043e\u043c\u043e\u0440\u0430<br>zivicd &#8211; \u0414\u0440\u0430\u0433\u0430\u043d \u0416\u0438\u0432\u0438\u045b<\/p>\n\n\n\n<p><\/p>\n\n\n\n<p><\/p>\n","protected":false},"excerpt":{"rendered":"<p>1500elegance &#8211; \u041f\u0435\u0442\u0430\u0440 \u0421\u0438\u043d\u0430\u043d\u0447\u0435\u0432\u0438\u045b2008pro &#8211; Kerem T\u0131nmaz 9stefan1 &#8211; \u0421\u0442\u0435\u0444\u0430\u043d \u041a\u043e\u0441\u0442\u0438\u045bABojan79 &#8211; \u0411\u043e\u0458\u0430\u043d \u0410\u0442\u0430\u043d\u0430\u0441\u043a\u043e\u0432\u0438\u045bADJWingChun &#8211; \u0420\u0430\u0434\u043e\u043c\u0438\u0440 \u0408\u0430\u043d\u0447\u0438\u045bag30063030 &#8211; Alimert Ozsoyarimakat &#8211; \u0412\u043b\u0430\u0434\u0438\u0446\u0430 \u0410\u043d\u0434\u0440\u0435\u0458\u0438\u045bAK-47kalash &#8211; \u0414\u0435\u0458\u0430\u043d \u041e\u043c\u043e\u0440\u0458\u0430\u043daleksa74 &#8211; \u0410\u043b\u0435\u043a\u0441\u0430\u043d\u0434\u0430\u0440 \u041a\u043e\u0432\u0430\u0447\u0435\u0432\u0438\u045baleksa400 &#8211; \u0410\u043b\u0435\u043a\u0441\u0430 \u041a\u0440\u0430\u0441\u043a\u043eAllama_Li &#8211; \u041b\u0438\u043f\u0430\u0438 \u0412\u0458\u0430\u0447\u0435\u0441\u043b\u0430\u0432aleksandar888 &#8211; \u0410\u043b\u0435\u043a\u0441\u0430\u043d\u0434\u0430\u0440 \u041e\u043f\u0430\u0447\u0438\u045bAleksandar-Topalov &#8211; \u0410\u043b\u0435\u043a\u0441\u0430\u043d\u0434\u0430\u0440 \u0422\u043e\u043f\u0430\u043b\u043e\u0432AleksandarPopovic974 &#8211; \u0410\u043b\u0435\u043a\u0441\u0430\u043d\u0434\u0430\u0440 \u041f\u043e\u043f\u043e\u0432\u0438\u045bAlexe4c5 &#8211; Alex CareyAlimpic_Aleksa &#8211; \u0410\u043b\u0435\u043a\u0441\u0430 \u0410\u043b\u0438\u043c\u043f\u0438\u045bAleksandarTot &#8211; \u0410\u043b\u0435\u043a\u0441\u0430\u043d\u0434\u0430\u0440 \u0422\u043e\u0442AmuKare &#8211; \u0411\u043e\u0440\u0438\u0441\u043b\u0430\u0432 [&hellip;]<\/p>\n","protected":false},"author":1,"featured_media":0,"parent":0,"menu_order":0,"comment_status":"closed","ping_status":"closed","template":"","meta":{"_exactmetrics_skip_tracking":false,"_exactmetrics_sitenote_active":false,"_exactmetrics_sitenote_note":"","_exactmetrics_sitenote_category":0,"footnotes":""},"class_list":["post-2347","page","type-page","status-publish","hentry"],"_links":{"self":[{"href":"http:\/\/sahovskisavezns.com\/sr_rs\/wp-json\/wp\/v2\/pages\/2347","targetHints":{"allow":["GET"]}}],"collection":[{"href":"http:\/\/sahovskisavezns.com\/sr_rs\/wp-json\/wp\/v2\/pages"}],"about":[{"href":"http:\/\/sahovskisavezns.com\/sr_rs\/wp-json\/wp\/v2\/types\/page"}],"author":[{"embeddable":true,"href":"http:\/\/sahovskisavezns.com\/sr_rs\/wp-json\/wp\/v2\/users\/1"}],"replies":[{"embeddable":true,"href":"http:\/\/sahovskisavezns.com\/sr_rs\/wp-json\/wp\/v2\/comments?post=2347"}],"version-history":[{"count":91,"href":"http:\/\/sahovskisavezns.com\/sr_rs\/wp-json\/wp\/v2\/pages\/2347\/revisions"}],"predecessor-version":[{"id":4580,"href":"http:\/\/sahovskisavezns.com\/sr_rs\/wp-json\/wp\/v2\/pages\/2347\/revisions\/4580"}],"wp:attachment":[{"href":"http:\/\/sahovskisavezns.com\/sr_rs\/wp-json\/wp\/v2\/media?parent=2347"}],"curies":[{"name":"wp","href":"https:\/\/api.w.org\/{rel}","templated":true}]}}